{"id":39,"date":"2024-09-18T15:33:42","date_gmt":"2024-09-18T13:33:42","guid":{"rendered":"https:\/\/kobudo-olching.de\/?page_id=39"},"modified":"2024-09-18T20:41:37","modified_gmt":"2024-09-18T18:41:37","slug":"trainer","status":"publish","type":"page","link":"https:\/\/kobudo-olching.de\/index.php\/trainer\/","title":{"rendered":"Trainer"},"content":{"rendered":"\n<div class=\"wp-block-columns is-layout-flex wp-container-core-columns-is-layout-28f84493 wp-block-columns-is-layout-flex\">\n<div class=\"wp-block-column is-layout-flow wp-block-column-is-layout-flow\" style=\"flex-basis:66.66%\">\n<p>\u00dcbungsleiter<\/p>\n\n\n\n<p>Dr. Florian Koller<br>6. Dan S\u00f4chin-Ryu-Kobudo<br>3. Dan Kun-Tai-Ko Karate<br>Trainer C \u2013 Karate (Breitensport) BKB\/BLSV<\/p>\n\n\n\n<p>Da Kobudo ganz neu beim SV Esting e. V. ist, bin ich (noch) der einzige Trainer im Bereich Kobudo.<\/p>\n\n\n\n<p>Ich bin Jahrgang 1977, mit dem Kampfsport habe ich 1989 angefangen, einiges ausprobiert, bin aber immer wieder zum Kobudo zur\u00fcckgekehrt und beim Kobudo h\u00e4ngengeblieben. Schwarzgurt bin ich seit 1999. Lange Zeit habe ich in Brannenburg, s\u00fcdlich von Rosenheim, trainiert, nunmehr aber bin ich nach Olching \u00fcbergesiedelt.<\/p>\n<\/div>\n\n\n\n<div class=\"wp-block-column is-layout-flow wp-block-column-is-layout-flow\" style=\"flex-basis:33.33%\">\n<figure class=\"wp-block-image size-full\"><img loading=\"lazy\" decoding=\"async\" width=\"309\" height=\"659\" src=\"https:\/\/kobudo-olching.de\/wp-content\/uploads\/2024\/09\/FlorianKoller.png\" alt=\"Dr. Florian Koller\" class=\"wp-image-58\" srcset=\"https:\/\/kobudo-olching.de\/wp-content\/uploads\/2024\/09\/FlorianKoller.png 309w, https:\/\/kobudo-olching.de\/wp-content\/uploads\/2024\/09\/FlorianKoller-141x300.png 141w\" sizes=\"auto, (max-width: 309px) 100vw, 309px\" \/><\/figure>\n<\/div>\n<\/div>\n","protected":false},"excerpt":{"rendered":"<p>\u00dcbungsleiter Dr. Florian Koller6. Dan S\u00f4chin-Ryu-Kobudo3. Dan Kun-Tai-Ko KarateTrainer C \u2013 Karate (Breitensport) BKB\/BLSV Da Kobudo ganz neu beim SV Esting e. V. ist, bin ich (noch) der einzige Trainer im Bereich Kobudo. Ich bin Jahrgang 1977, mit dem Kampfsport habe ich 1989 angefangen, einiges ausprobiert, bin aber immer wieder zum Kobudo zur\u00fcckgekehrt und beim [&hellip;]<\/p>\n","protected":false},"author":1,"featured_media":0,"parent":0,"menu_order":0,"comment_status":"closed","ping_status":"closed","template":"","meta":{"footnotes":""},"class_list":["post-39","page","type-page","status-publish","hentry"],"yoast_head":"<!-- This site is optimized with the Yoast SEO plugin v25.1 - https:\/\/yoast.com\/wordpress\/plugins\/seo\/ -->\n<title>Trainer - Kobudo Olching<\/title>\n<meta name=\"description\" content=\"Kobodo \u00dcbungsleiter Dr. Florian Koller 6. Dan S\u00f4chin-Ryu-Kobudo3. Dan Kun-Tai-Ko Karate Trainer C \u2013 Karate (Breitensport) BKB\/BLSV\" \/>\n<meta name=\"robots\" content=\"index, follow, max-snippet:-1, max-image-preview:large, max-video-preview:-1\" \/>\n<link rel=\"canonical\" href=\"https:\/\/kobudo-olching.de\/index.php\/trainer\/\" \/>\n<meta property=\"og:locale\" content=\"de_DE\" \/>\n<meta property=\"og:type\" content=\"article\" \/>\n<meta property=\"og:title\" content=\"Trainer - Kobudo Olching\" \/>\n<meta property=\"og:description\" content=\"Kobodo \u00dcbungsleiter Dr. Florian Koller 6. Dan S\u00f4chin-Ryu-Kobudo3. Dan Kun-Tai-Ko Karate Trainer C \u2013 Karate (Breitensport) BKB\/BLSV\" \/>\n<meta property=\"og:url\" content=\"https:\/\/kobudo-olching.de\/index.php\/trainer\/\" \/>\n<meta property=\"og:site_name\" content=\"Kobudo Olching\" \/>\n<meta property=\"article:modified_time\" content=\"2024-09-18T18:41:37+00:00\" \/>\n<meta property=\"og:image\" content=\"https:\/\/kobudo-olching.de\/wp-content\/uploads\/2024\/09\/FlorianKoller.png\" \/>\n<meta name=\"twitter:card\" content=\"summary_large_image\" \/>\n<meta name=\"twitter:label1\" content=\"Gesch\u00e4tzte Lesezeit\" \/>\n\t<meta name=\"twitter:data1\" content=\"1\u00a0Minute\" \/>\n<script type=\"application\/ld+json\" class=\"yoast-schema-graph\">{\"@context\":\"https:\/\/schema.org\",\"@graph\":[{\"@type\":\"WebPage\",\"@id\":\"https:\/\/kobudo-olching.de\/index.php\/trainer\/\",\"url\":\"https:\/\/kobudo-olching.de\/index.php\/trainer\/\",\"name\":\"Trainer - Kobudo Olching\",\"isPartOf\":{\"@id\":\"https:\/\/kobudo-olching.de\/#website\"},\"primaryImageOfPage\":{\"@id\":\"https:\/\/kobudo-olching.de\/index.php\/trainer\/#primaryimage\"},\"image\":{\"@id\":\"https:\/\/kobudo-olching.de\/index.php\/trainer\/#primaryimage\"},\"thumbnailUrl\":\"https:\/\/kobudo-olching.de\/wp-content\/uploads\/2024\/09\/FlorianKoller.png\",\"datePublished\":\"2024-09-18T13:33:42+00:00\",\"dateModified\":\"2024-09-18T18:41:37+00:00\",\"description\":\"Kobodo \u00dcbungsleiter Dr. Florian Koller 6. Dan S\u00f4chin-Ryu-Kobudo3. Dan Kun-Tai-Ko Karate Trainer C \u2013 Karate (Breitensport) BKB\/BLSV\",\"breadcrumb\":{\"@id\":\"https:\/\/kobudo-olching.de\/index.php\/trainer\/#breadcrumb\"},\"inLanguage\":\"de\",\"potentialAction\":[{\"@type\":\"ReadAction\",\"target\":[\"https:\/\/kobudo-olching.de\/index.php\/trainer\/\"]}]},{\"@type\":\"ImageObject\",\"inLanguage\":\"de\",\"@id\":\"https:\/\/kobudo-olching.de\/index.php\/trainer\/#primaryimage\",\"url\":\"https:\/\/kobudo-olching.de\/wp-content\/uploads\/2024\/09\/FlorianKoller.png\",\"contentUrl\":\"https:\/\/kobudo-olching.de\/wp-content\/uploads\/2024\/09\/FlorianKoller.png\",\"width\":309,\"height\":659,\"caption\":\"Dr. Florian Koller\"},{\"@type\":\"BreadcrumbList\",\"@id\":\"https:\/\/kobudo-olching.de\/index.php\/trainer\/#breadcrumb\",\"itemListElement\":[{\"@type\":\"ListItem\",\"position\":1,\"name\":\"Startseite\",\"item\":\"https:\/\/kobudo-olching.de\/\"},{\"@type\":\"ListItem\",\"position\":2,\"name\":\"Trainer\"}]},{\"@type\":\"WebSite\",\"@id\":\"https:\/\/kobudo-olching.de\/#website\",\"url\":\"https:\/\/kobudo-olching.de\/\",\"name\":\"Kobudo Olching\",\"description\":\"\",\"publisher\":{\"@id\":\"https:\/\/kobudo-olching.de\/#organization\"},\"potentialAction\":[{\"@type\":\"SearchAction\",\"target\":{\"@type\":\"EntryPoint\",\"urlTemplate\":\"https:\/\/kobudo-olching.de\/?s={search_term_string}\"},\"query-input\":{\"@type\":\"PropertyValueSpecification\",\"valueRequired\":true,\"valueName\":\"search_term_string\"}}],\"inLanguage\":\"de\"},{\"@type\":\"Organization\",\"@id\":\"https:\/\/kobudo-olching.de\/#organization\",\"name\":\"Abteilung Kobudo, SV Esting\",\"url\":\"https:\/\/kobudo-olching.de\/\",\"logo\":{\"@type\":\"ImageObject\",\"inLanguage\":\"de\",\"@id\":\"https:\/\/kobudo-olching.de\/#\/schema\/logo\/image\/\",\"url\":\"https:\/\/kobudo-olching.de\/wp-content\/uploads\/2024\/09\/logo.png\",\"contentUrl\":\"https:\/\/kobudo-olching.de\/wp-content\/uploads\/2024\/09\/logo.png\",\"width\":283,\"height\":134,\"caption\":\"Abteilung Kobudo, SV Esting\"},\"image\":{\"@id\":\"https:\/\/kobudo-olching.de\/#\/schema\/logo\/image\/\"}}]}<\/script>\n<!-- \/ Yoast SEO plugin. -->","yoast_head_json":{"title":"Trainer - Kobudo Olching","description":"Kobodo \u00dcbungsleiter Dr. Florian Koller 6. Dan S\u00f4chin-Ryu-Kobudo3. Dan Kun-Tai-Ko Karate Trainer C \u2013 Karate (Breitensport) BKB\/BLSV","robots":{"index":"index","follow":"follow","max-snippet":"max-snippet:-1","max-image-preview":"max-image-preview:large","max-video-preview":"max-video-preview:-1"},"canonical":"https:\/\/kobudo-olching.de\/index.php\/trainer\/","og_locale":"de_DE","og_type":"article","og_title":"Trainer - Kobudo Olching","og_description":"Kobodo \u00dcbungsleiter Dr. Florian Koller 6. Dan S\u00f4chin-Ryu-Kobudo3. Dan Kun-Tai-Ko Karate Trainer C \u2013 Karate (Breitensport) BKB\/BLSV","og_url":"https:\/\/kobudo-olching.de\/index.php\/trainer\/","og_site_name":"Kobudo Olching","article_modified_time":"2024-09-18T18:41:37+00:00","og_image":[{"url":"https:\/\/kobudo-olching.de\/wp-content\/uploads\/2024\/09\/FlorianKoller.png","type":"","width":"","height":""}],"twitter_card":"summary_large_image","twitter_misc":{"Gesch\u00e4tzte Lesezeit":"1\u00a0Minute"},"schema":{"@context":"https:\/\/schema.org","@graph":[{"@type":"WebPage","@id":"https:\/\/kobudo-olching.de\/index.php\/trainer\/","url":"https:\/\/kobudo-olching.de\/index.php\/trainer\/","name":"Trainer - Kobudo Olching","isPartOf":{"@id":"https:\/\/kobudo-olching.de\/#website"},"primaryImageOfPage":{"@id":"https:\/\/kobudo-olching.de\/index.php\/trainer\/#primaryimage"},"image":{"@id":"https:\/\/kobudo-olching.de\/index.php\/trainer\/#primaryimage"},"thumbnailUrl":"https:\/\/kobudo-olching.de\/wp-content\/uploads\/2024\/09\/FlorianKoller.png","datePublished":"2024-09-18T13:33:42+00:00","dateModified":"2024-09-18T18:41:37+00:00","description":"Kobodo \u00dcbungsleiter Dr. Florian Koller 6. Dan S\u00f4chin-Ryu-Kobudo3. Dan Kun-Tai-Ko Karate Trainer C \u2013 Karate (Breitensport) BKB\/BLSV","breadcrumb":{"@id":"https:\/\/kobudo-olching.de\/index.php\/trainer\/#breadcrumb"},"inLanguage":"de","potentialAction":[{"@type":"ReadAction","target":["https:\/\/kobudo-olching.de\/index.php\/trainer\/"]}]},{"@type":"ImageObject","inLanguage":"de","@id":"https:\/\/kobudo-olching.de\/index.php\/trainer\/#primaryimage","url":"https:\/\/kobudo-olching.de\/wp-content\/uploads\/2024\/09\/FlorianKoller.png","contentUrl":"https:\/\/kobudo-olching.de\/wp-content\/uploads\/2024\/09\/FlorianKoller.png","width":309,"height":659,"caption":"Dr. Florian Koller"},{"@type":"BreadcrumbList","@id":"https:\/\/kobudo-olching.de\/index.php\/trainer\/#breadcrumb","itemListElement":[{"@type":"ListItem","position":1,"name":"Startseite","item":"https:\/\/kobudo-olching.de\/"},{"@type":"ListItem","position":2,"name":"Trainer"}]},{"@type":"WebSite","@id":"https:\/\/kobudo-olching.de\/#website","url":"https:\/\/kobudo-olching.de\/","name":"Kobudo Olching","description":"","publisher":{"@id":"https:\/\/kobudo-olching.de\/#organization"},"potentialAction":[{"@type":"SearchAction","target":{"@type":"EntryPoint","urlTemplate":"https:\/\/kobudo-olching.de\/?s={search_term_string}"},"query-input":{"@type":"PropertyValueSpecification","valueRequired":true,"valueName":"search_term_string"}}],"inLanguage":"de"},{"@type":"Organization","@id":"https:\/\/kobudo-olching.de\/#organization","name":"Abteilung Kobudo, SV Esting","url":"https:\/\/kobudo-olching.de\/","logo":{"@type":"ImageObject","inLanguage":"de","@id":"https:\/\/kobudo-olching.de\/#\/schema\/logo\/image\/","url":"https:\/\/kobudo-olching.de\/wp-content\/uploads\/2024\/09\/logo.png","contentUrl":"https:\/\/kobudo-olching.de\/wp-content\/uploads\/2024\/09\/logo.png","width":283,"height":134,"caption":"Abteilung Kobudo, SV Esting"},"image":{"@id":"https:\/\/kobudo-olching.de\/#\/schema\/logo\/image\/"}}]}},"_links":{"self":[{"href":"https:\/\/kobudo-olching.de\/index.php\/wp-json\/wp\/v2\/pages\/39","targetHints":{"allow":["GET"]}}],"collection":[{"href":"https:\/\/kobudo-olching.de\/index.php\/wp-json\/wp\/v2\/pages"}],"about":[{"href":"https:\/\/kobudo-olching.de\/index.php\/wp-json\/wp\/v2\/types\/page"}],"author":[{"embeddable":true,"href":"https:\/\/kobudo-olching.de\/index.php\/wp-json\/wp\/v2\/users\/1"}],"replies":[{"embeddable":true,"href":"https:\/\/kobudo-olching.de\/index.php\/wp-json\/wp\/v2\/comments?post=39"}],"version-history":[{"count":0,"href":"https:\/\/kobudo-olching.de\/index.php\/wp-json\/wp\/v2\/pages\/39\/revisions"}],"wp:attachment":[{"href":"https:\/\/kobudo-olching.de\/index.php\/wp-json\/wp\/v2\/media?parent=39"}],"curies":[{"name":"wp","href":"https:\/\/api.w.org\/{rel}","templated":true}]}}